{"id":8102,"date":"2025-09-04T15:14:43","date_gmt":"2025-09-04T12:14:43","guid":{"rendered":"https:\/\/globalcreativeexpo.com\/belcika\/"},"modified":"2025-12-04T14:51:00","modified_gmt":"2025-12-04T11:51:00","slug":"belgium","status":"publish","type":"page","link":"https:\/\/globalcreativeexpo.com\/en\/belgium\/","title":{"rendered":"Belgium"},"content":{"rendered":"<section class=\"l-section wpb_row height_custom\" id=\"belcika\"><div class=\"l-section-h i-cf\"><div class=\"g-cols vc_row via_grid cols_1 laptops-cols_inherit tablets-cols_inherit mobiles-cols_1 valign_top type_default stacking_default\"><div class=\"wpb_column vc_column_container\"><div class=\"vc_column-inner\"><div class=\"g-cols wpb_row via_grid cols_2 laptops-cols_inherit tablets-cols_inherit mobiles-cols_1 valign_top type_default stacking_default\" style=\"--columns-gap:3rem;\"><div class=\"wpb_column vc_column_container\"><div class=\"vc_column-inner\"><div class=\"wpb_text_column\"><div class=\"wpb_wrapper\"><ul>\n<li>A hub for digital arts and animation,<\/li>\n<li>An emerging market in game design,<\/li>\n<li>A pioneer in cultural diplomacy and museology.<\/li>\n<li>In Belgium, 84 film production companies and 27 post-production companies are active.<\/li>\n<li>In 2024, the film, video &amp; TV production market reached a volume of \u20ac2.1 billion, with 3,260 enterprises and 3,795 employees in the sector.<\/li>\n<li>Films produced in 2022: 36 fiction, 4 animation, and 7 documentary titles.<\/li>\n<li>Box office: 13.68 million tickets sold, per capita viewing rate 1.97.<\/li>\n<li>Thanks to the Tax Shelter mechanism, 42\u201344% of production costs spent in Belgium can be reclaimed.<\/li>\n<li>In 2024, this mechanism raised \u20ac146.4 million in funding.<\/li>\n<li>Screen Flanders: annual budget of \u20ac3.5 million, with support of up to \u20ac400k per project.<\/li>\n<li>Creative spending commitments generated through the 2024 calls amounted to \u20ac18\u201324 million.<\/li>\n<li>The Wallimage fund is also particularly active in animation, post-production, and visual effects.<\/li>\n<li>Brussels hosts over 80 museums, with access to 241 museums through the national Museumpass.<\/li>\n<li>The cultural and creative sectors account for approximately 2.6% of Belgium\u2019s GDP, providing employment for over 300,000 people.<\/li>\n<li>Around 36,000 advertising companies operate in Belgium.<\/li>\n<\/ul>\n<\/div><\/div><\/div><\/div><div class=\"wpb_column vc_column_container\"><div class=\"vc_column-inner\"><div class=\"w-image align_center\"><div class=\"w-image-h\"><img decoding=\"async\" width=\"800\" height=\"800\" src=\"https:\/\/globalcreativeexpo.com\/wp-content\/uploads\/2025\/09\/belcika-img.jpg\" class=\"attachment-large size-large\" alt=\"\" loading=\"lazy\" srcset=\"https:\/\/globalcreativeexpo.com\/wp-content\/uploads\/2025\/09\/belcika-img.jpg 800w, https:\/\/globalcreativeexpo.com\/wp-content\/uploads\/2025\/09\/belcika-img-300x300.jpg 300w, https:\/\/globalcreativeexpo.com\/wp-content\/uploads\/2025\/09\/belcika-img-150x150.jpg 150w\" sizes=\"auto, (max-width: 800px) 100vw, 800px\" \/><\/div><\/div><\/div><\/div><\/div><\/div><\/div><\/div><\/div><\/section><section class=\"l-section wpb_row height_custom\"><div class=\"l-section-h i-cf\"><div class=\"g-cols vc_row via_grid cols_1 laptops-cols_inherit tablets-cols_inherit mobiles-cols_1 valign_top type_default stacking_default\"><div class=\"wpb_column vc_column_container\"><div class=\"vc_column-inner\"><div class=\"wpb_text_column\"><div class=\"wpb_wrapper\"><h3>Belgium by the Numbers<\/h3>\n<\/div><\/div><div class=\"w-separator size_medium\"><\/div><div class=\"wpb_text_column\"><div class=\"wpb_wrapper\"><table>\n<tbody>\n<tr>\n<td style=\"text-align: center;\"><strong>84<\/strong><br \/>\nProduction Companies<\/td>\n<td style=\"text-align: center;\"><strong>\u20ac2.1 Billion<\/strong><br \/>\nFilm &amp; TV Production Market<\/td>\n<td style=\"text-align: center;\"><strong>3.795<\/strong><br \/>\nEmployees in the Sector<\/td>\n<\/tr>\n<tr>\n<td style=\"text-align: center;\"><strong>%42-44<\/strong><br \/>\nTax Shelter Refund Rate<\/td>\n<td style=\"text-align: center;\"><strong>\u20ac698 Million<\/strong><br \/>\nVideo Game Market<\/td>\n<td style=\"text-align: center;\"><strong>\u20ac70 Billion<\/strong><br \/>\nFlanders Game Developer Revenue<\/td>\n<\/tr>\n<tr>\n<td style=\"text-align: center;\"><strong>241\u00a0<\/strong><br \/>\nMuseums under Museumpas<\/td>\n<td style=\"text-align: center;\"><strong>\u20ac16,6 Billion<\/strong><br \/>\nFlanders Creative Economy Value<\/td>\n<td style=\"text-align: center;\"><strong>36.000<\/strong><br \/>\nAdvertising Companies<\/td>\n<\/tr>\n<\/tbody>\n<\/table>\n<\/div><\/div><div class=\"w-separator size_medium\"><\/div><div class=\"w-btn-wrapper align_center\"><a class=\"w-btn us-btn-style_3\" target=\"_blank\" href=\"https:\/\/globalcreativeexpo.com\/wp-content\/uploads\/2025\/12\/buruksel-td-en.pdf\"><span class=\"w-btn-label\">Event Document<\/span><\/a><\/div><div class=\"w-separator size_large\"><\/div><div class=\"g-cols wpb_row via_grid cols_2 laptops-cols_inherit tablets-cols_inherit mobiles-cols_1 valign_top type_default stacking_default\" style=\"--columns-gap:3rem;\"><div class=\"wpb_column vc_column_container\"><div class=\"vc_column-inner\"><div class=\"wpb_text_column\"><div class=\"wpb_wrapper\"><h3 style=\"text-align: center;\"><span>NH Collection Brussels Centre<\/span><\/h3>\n<\/div><\/div><div class=\"w-separator size_medium\"><\/div><div class=\"w-iconbox iconpos_top style_default color_primary align_center no_text\"><div class=\"w-iconbox-icon\" style=\"font-size:2rem;\"><i class=\"fas fa-map-marker-alt\"><\/i><\/div><div class=\"w-iconbox-meta\"><p class=\"w-iconbox-title\">Bd Adolphe Max 7, 1000 Bruxelles, Belgium<\/p><\/div><\/div><div class=\"w-separator size_small\"><\/div><div class=\"w-iconbox iconpos_top style_default color_primary align_center no_text\"><a href=\"tel:+32 2 217 01 20\" class=\"w-iconbox-link\" aria-label=\"+32 2 217 01 20\"><div class=\"w-iconbox-icon\" style=\"font-size:2rem;\"><i class=\"fas fa-phone\"><\/i><\/div><\/a><div class=\"w-iconbox-meta\"><p class=\"w-iconbox-title\"><a href=\"tel:+32 2 217 01 20\" class=\"w-iconbox-link\" aria-label=\"+32 2 217 01 20\">+32 2 217 01 20<\/a><\/p><\/div><\/div><div class=\"w-separator size_small\"><\/div><div class=\"w-iconbox iconpos_top style_default color_primary align_center no_text\"><a target=\"_blank\" href=\"https:\/\/www.nh-hotels.com\/en\/hotel\/nh-collection-brussels-centre\" class=\"w-iconbox-link\" aria-label=\"Website\"><div class=\"w-iconbox-icon\" style=\"font-size:2rem;\"><i class=\"fas fa-map-marker-alt\"><\/i><\/div><\/a><div class=\"w-iconbox-meta\"><p class=\"w-iconbox-title\"><a target=\"_blank\" href=\"https:\/\/www.nh-hotels.com\/en\/hotel\/nh-collection-brussels-centre\" class=\"w-iconbox-link\" aria-label=\"Website\">Website<\/a><\/p><\/div><\/div><\/div><\/div><div class=\"wpb_column vc_column_container\"><div class=\"vc_column-inner\"><div class=\"w-image align_none\"><div class=\"w-image-h\"><img decoding=\"async\" width=\"900\" height=\"675\" src=\"https:\/\/globalcreativeexpo.com\/wp-content\/uploads\/2025\/11\/nh-img-01.jpg\" class=\"attachment-large size-large\" alt=\"\" loading=\"lazy\" srcset=\"https:\/\/globalcreativeexpo.com\/wp-content\/uploads\/2025\/11\/nh-img-01.jpg 900w, https:\/\/globalcreativeexpo.com\/wp-content\/uploads\/2025\/11\/nh-img-01-300x225.jpg 300w\" sizes=\"auto, (max-width: 900px) 100vw, 900px\" \/><\/div><\/div><\/div><\/div><\/div><div class=\"w-separator size_large\"><\/div><div class=\"w-html\"><iframe aria-label='Global Creative Expo Bel\u00e7ika Sponsorluk Dosyas\u0131 \u0130ndirme Talep Formu' frameborder=\"0\" allow=\"geolocation;\" style=\"height:900px;width:99%;border:none;\" src='https:\/\/forms.zohopublic.com\/ekspoturk\/form\/GlobalCreativeExpoBelikaSponsorlukDosyasndirmeTale\/formperma\/CU56gT7lbh7NwZaCOJAKYMw0NBtI4mK5GQlbm2KF6_U'><\/iframe><\/div><\/div><\/div><\/div><\/div><\/section><section class=\"l-section wpb_row height_custom\"><div class=\"l-section-h i-cf\"><div class=\"g-cols vc_row via_grid cols_1 laptops-cols_inherit tablets-cols_inherit mobiles-cols_1 valign_top type_default stacking_default\"><div class=\"wpb_column vc_column_container\"><div class=\"vc_column-inner\"><div class=\"w-html\"><iframe aria-label='Formulaire d\u2019Inscription \u2013 Global Creative Expo 2025, Bruxelles' frameborder=\"0\" style=\"height:800px;width:99%;border:none;\" src='https:\/\/forms.zohopublic.com\/ekspoturk\/form\/FormulairedInscriptionGlobalCreativeExpo2025Bruxel\/formperma\/Eif8dycERWBGLDy0c_qCervIV9YMELUkEeuBH0zLLcM'><\/iframe><\/div><\/div><\/div><\/div><\/div><\/section>\n","protected":false},"excerpt":{"rendered":"A hub for digital arts and animation, An emerging market in game design, A pioneer in cultural diplomacy and museology. In Belgium, 84 film production companies and 27 post-production companies are active. In 2024, the film, video &amp; TV production market reached a volume of \u20ac2.1 billion, with 3,260 enterprises and 3,795 employees in the...","protected":false},"author":1,"featured_media":0,"parent":0,"menu_order":0,"comment_status":"closed","ping_status":"closed","template":"","meta":{"footnotes":""},"class_list":["post-8102","page","type-page","status-publish","hentry"],"_links":{"self":[{"href":"https:\/\/globalcreativeexpo.com\/en\/wp-json\/wp\/v2\/pages\/8102","targetHints":{"allow":["GET"]}}],"collection":[{"href":"https:\/\/globalcreativeexpo.com\/en\/wp-json\/wp\/v2\/pages"}],"about":[{"href":"https:\/\/globalcreativeexpo.com\/en\/wp-json\/wp\/v2\/types\/page"}],"author":[{"embeddable":true,"href":"https:\/\/globalcreativeexpo.com\/en\/wp-json\/wp\/v2\/users\/1"}],"replies":[{"embeddable":true,"href":"https:\/\/globalcreativeexpo.com\/en\/wp-json\/wp\/v2\/comments?post=8102"}],"version-history":[{"count":9,"href":"https:\/\/globalcreativeexpo.com\/en\/wp-json\/wp\/v2\/pages\/8102\/revisions"}],"predecessor-version":[{"id":8266,"href":"https:\/\/globalcreativeexpo.com\/en\/wp-json\/wp\/v2\/pages\/8102\/revisions\/8266"}],"wp:attachment":[{"href":"https:\/\/globalcreativeexpo.com\/en\/wp-json\/wp\/v2\/media?parent=8102"}],"curies":[{"name":"wp","href":"https:\/\/api.w.org\/{rel}","templated":true}]}}