{"id":8175,"date":"2025-09-04T15:14:27","date_gmt":"2025-09-04T12:14:27","guid":{"rendered":"https:\/\/globalcreativeexpo.com\/fransa\/"},"modified":"2025-12-04T14:53:10","modified_gmt":"2025-12-04T11:53:10","slug":"france","status":"publish","type":"page","link":"https:\/\/globalcreativeexpo.com\/fr\/france\/","title":{"rendered":"France"},"content":{"rendered":"<section class=\"l-section wpb_row height_custom\" id=\"fransa\"><div class=\"l-section-h i-cf\"><div class=\"g-cols vc_row via_grid cols_1 laptops-cols_inherit tablets-cols_inherit mobiles-cols_1 valign_top type_default stacking_default\"><div class=\"wpb_column vc_column_container\"><div class=\"vc_column-inner\"><div class=\"g-cols wpb_row via_grid cols_2 laptops-cols_inherit tablets-cols_inherit mobiles-cols_1 valign_top type_default stacking_default\" style=\"--columns-gap:3rem;\"><div class=\"wpb_column vc_column_container\"><div class=\"vc_column-inner\"><div class=\"wpb_text_column\"><div class=\"wpb_wrapper\"><ul>\n<li>L\u2019\u00e9cosyst\u00e8me cin\u00e9matographique et musical le plus puissant d\u2019Europe<\/li>\n<li>Plus de 300 soci\u00e9t\u00e9s de distribution de films<\/li>\n<li>Leader mondial dans la mode et le design<\/li>\n<li>March\u00e9 de la production : 7,5 milliards \u20ac (2024)<\/li>\n<li>Industries cr\u00e9atives : 32,1 milliards \u20ac d\u2019exportations, contribution de 2 % \u00e0 l\u2019\u00e9conomie, ~600 000 emplois<\/li>\n<li>Exportation de produits cr\u00e9atifs : 1,28 milliard \u20ac (2023, +8 % de croissance)<\/li>\n<li>Grandes agences r\u00e9seau : ex. Havas Creative \u2192 316 bureaux, port\u00e9e mondiale<\/li>\n<li>R\u00e9seau de 392 distributeurs \u2192 campagnes et distribution de films \u00e0 l\u2019international<\/li>\n<li>CNC \/ Film France \u2192 financements, incitations, coproductions<\/li>\n<li>\u00c9cosyst\u00e8me bas\u00e9 \u00e0 Paris \u2192 au croisement de la mode, de la musique et du cin\u00e9ma pour le contenu sync et branding<\/li>\n<li>Haute visibilit\u00e9 + partenariats prestigieux + projets internationaux \u00e0 barri\u00e8res faibles<\/li>\n<\/ul>\n<\/div><\/div><div class=\"w-separator size_medium\"><\/div><div class=\"wpb_text_column\"><div class=\"wpb_wrapper\"><p><strong>La France, capitale cr\u00e9ative de l\u2019Europe ; un march\u00e9 \u00e9norme centr\u00e9 sur le cin\u00e9ma, la musique et la mode. Gr\u00e2ce aux soutiens publics, \u00e0 un r\u00e9seau de distribution solide, aux opportunit\u00e9s de coop\u00e9ration internationale et \u00e0 la visibilit\u00e9 mondiale, elle offre des partenariats \u00e0 forte valeur ajout\u00e9e pour l\u2019industrie cr\u00e9ative turque.<\/strong><\/p>\n<\/div><\/div><\/div><\/div><div class=\"wpb_column vc_column_container\"><div class=\"vc_column-inner\"><div class=\"w-image align_none\"><div class=\"w-image-h\"><img decoding=\"async\" width=\"800\" height=\"800\" src=\"https:\/\/globalcreativeexpo.com\/wp-content\/uploads\/2025\/09\/paris-img.jpg\" class=\"attachment-large size-large\" alt=\"\" loading=\"lazy\" srcset=\"https:\/\/globalcreativeexpo.com\/wp-content\/uploads\/2025\/09\/paris-img.jpg 800w, https:\/\/globalcreativeexpo.com\/wp-content\/uploads\/2025\/09\/paris-img-300x300.jpg 300w, https:\/\/globalcreativeexpo.com\/wp-content\/uploads\/2025\/09\/paris-img-150x150.jpg 150w\" sizes=\"auto, (max-width: 800px) 100vw, 800px\" \/><\/div><\/div><\/div><\/div><\/div><\/div><\/div><\/div><\/div><\/section><section class=\"l-section wpb_row height_custom\"><div class=\"l-section-h i-cf\"><div class=\"g-cols vc_row via_grid cols_1 laptops-cols_inherit tablets-cols_inherit mobiles-cols_1 valign_top type_default stacking_default\"><div class=\"wpb_column vc_column_container\"><div class=\"vc_column-inner\"><div class=\"wpb_text_column\"><div class=\"wpb_wrapper\"><h3>La France en chiffres<\/h3>\n<\/div><\/div><div class=\"w-separator size_medium\"><\/div><div class=\"wpb_text_column\"><div class=\"wpb_wrapper\"><table>\n<tbody>\n<tr>\n<td style=\"text-align: center;\"><strong>763<\/strong><br \/>\nSoci\u00e9t\u00e9s de production<\/td>\n<td style=\"text-align: center;\"><strong>27.000<\/strong><br \/>\nEntreprises de production cin\u00e9ma &amp; TV<\/td>\n<td style=\"text-align: center;\"><strong>181,3 Millions<\/strong><br \/>\nSpectateurs annuels au cin\u00e9ma<\/td>\n<\/tr>\n<tr>\n<td style=\"text-align: center;\"><strong>61<\/strong><br \/>\nNombre de pays avec accords officiels de coproduction<\/td>\n<td style=\"text-align: center;\"><strong>7,5 Milliards \u20ac<\/strong><br \/>\nTaille du march\u00e9 de la production<\/td>\n<td style=\"text-align: center;\"><strong>1,1 Milliards \u20ac<\/strong><br \/>\nRevenus de l\u2019industrie musicale<\/td>\n<\/tr>\n<tr>\n<td style=\"text-align: center;\"><strong>24,2 Milliards $<\/strong><br \/>\nExportations textiles et habillement<\/td>\n<td style=\"text-align: center;\"><strong>32,1 Milliards \u20ac<\/strong><br \/>\nExportations des industries cr\u00e9atives<\/td>\n<td style=\"text-align: center;\"><strong>600.00<\/strong><br \/>\nEmploi dans le secteur cr\u00e9atif<\/td>\n<\/tr>\n<\/tbody>\n<\/table>\n<\/div><\/div><div class=\"w-separator size_medium\"><\/div><div class=\"w-btn-wrapper align_center\"><a class=\"w-btn us-btn-style_3\" target=\"_blank\" href=\"https:\/\/globalcreativeexpo.com\/wp-content\/uploads\/2025\/12\/paris-td-fr.pdf\"><span class=\"w-btn-label\">Document de l\u2019\u00e9v\u00e9nement<\/span><\/a><\/div><div class=\"w-separator size_large\"><\/div><div class=\"g-cols wpb_row via_grid cols_2 laptops-cols_inherit tablets-cols_inherit mobiles-cols_1 valign_top type_default stacking_default\" style=\"--columns-gap:3rem;\"><div class=\"wpb_column vc_column_container\"><div class=\"vc_column-inner\"><div class=\"wpb_text_column\"><div class=\"wpb_wrapper\"><h3 style=\"text-align: center;\"><span>Novotel Paris Est<\/span><\/h3>\n<\/div><\/div><div class=\"w-separator size_medium\"><\/div><div class=\"w-iconbox iconpos_top style_default color_primary align_center no_text\"><div class=\"w-iconbox-icon\" style=\"font-size:2rem;\"><i class=\"fas fa-map-marker-alt\"><\/i><\/div><div class=\"w-iconbox-meta\"><p class=\"w-iconbox-title\">1 Av. de la R\u00e9publique, 93170 Bagnolet, France<\/p><\/div><\/div><div class=\"w-separator size_small\"><\/div><div class=\"w-iconbox iconpos_top style_default color_primary align_center no_text\"><a href=\"tel:+33 1 49 93 63 00\" class=\"w-iconbox-link\" aria-label=\"+33 1 49 93 63 00\"><div class=\"w-iconbox-icon\" style=\"font-size:2rem;\"><i class=\"fas fa-phone\"><\/i><\/div><\/a><div class=\"w-iconbox-meta\"><p class=\"w-iconbox-title\"><a href=\"tel:+33 1 49 93 63 00\" class=\"w-iconbox-link\" aria-label=\"+33 1 49 93 63 00\">+33 1 49 93 63 00<\/a><\/p><\/div><\/div><div class=\"w-separator size_small\"><\/div><div class=\"w-iconbox iconpos_top style_default color_primary align_center no_text\"><a target=\"_blank\" href=\"https:\/\/all.accor.com\/hotel\/0380\/index.tr.shtml?utm_campaign=seo+maps&amp;utm_medium=seo+maps&amp;utm_source=google+Maps\" class=\"w-iconbox-link\" aria-label=\"Site web\"><div class=\"w-iconbox-icon\" style=\"font-size:2rem;\"><i class=\"fas fa-map-marker-alt\"><\/i><\/div><\/a><div class=\"w-iconbox-meta\"><p class=\"w-iconbox-title\"><a target=\"_blank\" href=\"https:\/\/all.accor.com\/hotel\/0380\/index.tr.shtml?utm_campaign=seo+maps&amp;utm_medium=seo+maps&amp;utm_source=google+Maps\" class=\"w-iconbox-link\" aria-label=\"Site web\">Site web<\/a><\/p><\/div><\/div><\/div><\/div><div class=\"wpb_column vc_column_container\"><div class=\"vc_column-inner\"><div class=\"w-image align_none\"><div class=\"w-image-h\"><img decoding=\"async\" width=\"900\" height=\"675\" src=\"https:\/\/globalcreativeexpo.com\/wp-content\/uploads\/2025\/11\/novatel-img-02.jpg\" class=\"attachment-large size-large\" alt=\"\" loading=\"lazy\" srcset=\"https:\/\/globalcreativeexpo.com\/wp-content\/uploads\/2025\/11\/novatel-img-02.jpg 900w, https:\/\/globalcreativeexpo.com\/wp-content\/uploads\/2025\/11\/novatel-img-02-300x225.jpg 300w\" sizes=\"auto, (max-width: 900px) 100vw, 900px\" \/><\/div><\/div><\/div><\/div><\/div><\/div><\/div><\/div><\/div><\/section><section class=\"l-section wpb_row height_custom\"><div class=\"l-section-h i-cf\"><div class=\"g-cols vc_row via_grid cols_1 laptops-cols_inherit tablets-cols_inherit mobiles-cols_1 valign_top type_default stacking_default\"><div class=\"wpb_column vc_column_container\"><div class=\"vc_column-inner\"><div class=\"w-html\"><iframe aria-label='Formulaire d\u2019Inscription \u2013 Global Creative Expo 2025, Paris' frameborder=\"0\" style=\"height:800px;width:99%;border:none;\" src='https:\/\/forms.zohopublic.com\/ekspoturk\/form\/FormulairedInscriptionGlobalCreativeExpo2025\/formperma\/XGFqAUaCZGbojbYcZWgvYPiAyJuUK9zqvTLXFkkNBKo'><\/iframe><\/div><\/div><\/div><\/div><\/div><\/section>\n","protected":false},"excerpt":{"rendered":"L\u2019\u00e9cosyst\u00e8me cin\u00e9matographique et musical le plus puissant d\u2019Europe Plus de 300 soci\u00e9t\u00e9s de distribution de films Leader mondial dans la mode et le design March\u00e9 de la production : 7,5 milliards \u20ac (2024) Industries cr\u00e9atives : 32,1 milliards \u20ac d\u2019exportations, contribution de 2 % \u00e0 l\u2019\u00e9conomie, ~600 000 emplois Exportation de produits cr\u00e9atifs : 1,28...","protected":false},"author":1,"featured_media":0,"parent":0,"menu_order":0,"comment_status":"closed","ping_status":"closed","template":"","meta":{"footnotes":""},"class_list":["post-8175","page","type-page","status-publish","hentry"],"_links":{"self":[{"href":"https:\/\/globalcreativeexpo.com\/fr\/wp-json\/wp\/v2\/pages\/8175","targetHints":{"allow":["GET"]}}],"collection":[{"href":"https:\/\/globalcreativeexpo.com\/fr\/wp-json\/wp\/v2\/pages"}],"about":[{"href":"https:\/\/globalcreativeexpo.com\/fr\/wp-json\/wp\/v2\/types\/page"}],"author":[{"embeddable":true,"href":"https:\/\/globalcreativeexpo.com\/fr\/wp-json\/wp\/v2\/users\/1"}],"replies":[{"embeddable":true,"href":"https:\/\/globalcreativeexpo.com\/fr\/wp-json\/wp\/v2\/comments?post=8175"}],"version-history":[{"count":9,"href":"https:\/\/globalcreativeexpo.com\/fr\/wp-json\/wp\/v2\/pages\/8175\/revisions"}],"predecessor-version":[{"id":8271,"href":"https:\/\/globalcreativeexpo.com\/fr\/wp-json\/wp\/v2\/pages\/8175\/revisions\/8271"}],"wp:attachment":[{"href":"https:\/\/globalcreativeexpo.com\/fr\/wp-json\/wp\/v2\/media?parent=8175"}],"curies":[{"name":"wp","href":"https:\/\/api.w.org\/{rel}","templated":true}]}}